{"id":3,"date":"2024-06-17T02:24:26","date_gmt":"2024-06-17T02:24:26","guid":{"rendered":"https:\/\/totallypainfree.com\/Choice_Hotels\/Vallarta\/?page_id=3"},"modified":"2024-07-23T02:23:07","modified_gmt":"2024-07-23T02:23:07","slug":"privacy-policy","status":"publish","type":"page","link":"https:\/\/civallarta.com\/en\/privacy-policy\/","title":{"rendered":"Privacy Policy"},"content":{"rendered":"<div data-elementor-type=\"wp-page\" data-elementor-id=\"3\" class=\"elementor elementor-3\" data-elementor-post-type=\"page\">\n\t\t\t\t<div class=\"elementor-element elementor-element-2bcccd04 e-flex e-con-boxed e-con e-parent\" data-id=\"2bcccd04\" data-element_type=\"container\" data-e-type=\"container\">\n\t\t\t\t\t<div class=\"e-con-inner\">\n\t\t\t\t<div class=\"elementor-element elementor-element-233e5dc6 elementor-widget elementor-widget-text-editor\" data-id=\"233e5dc6\" data-element_type=\"widget\" data-e-type=\"widget\" data-widget_type=\"text-editor.default\">\n\t\t\t\t<div class=\"elementor-widget-container\">\n\t\t\t\t\t\t\t\t\t<div>\n<h1><span style=\"color: var( --e-global-color-text ); font-family: var( --e-global-typography-text-font-family ), Sans-serif; font-weight: var( --e-global-typography-text-font-weight ); text-align: var(--text-align); font-size: 1rem;\">Con fundamento en los art\u00edculos 15 y 16 de la Ley Federal de Protecci\u00f3n de Datos Personales en Posesi\u00f3n de Particulares, Comfort Inn Vallarta, operado por Vallarta INN SA DE CV, con domicilio en&nbsp; Blvd. Francisco Medina Ascencio 3965, Marina Vallarta 48450 Puerto Vallarta Jal., es responsable de recabar sus datos personales, del uso que se le d\u00e9 a los mismos y de su protecci\u00f3n.<\/span><br><\/h1>\n<\/div>\n<div>\n<p>\u00bfQu\u00e9 informaci\u00f3n recopilamos?<\/p>\n<p>Recopilamos datos personales cuando usted realiza una reservaci\u00f3n a trav\u00e9s de nuestro sitio web, se comunica con nosotros por correo electr\u00f3nico, tel\u00e9fono o en persona, y cuando utiliza nuestros servicios o participa en nuestras promociones. Los tipos de datos que podemos recabar incluyen:<\/p>\n<p>Informaci\u00f3n de contacto (nombre, direcci\u00f3n, n\u00famero telef\u00f3nico, correo electr\u00f3nico).<br>Informaci\u00f3n de pago (n\u00famero de tarjeta de cr\u00e9dito, datos bancarios).<br>Informaci\u00f3n demogr\u00e1fica (edad, g\u00e9nero, nacionalidad).<br>Preferencias personales (preferencias de habitaci\u00f3n, solicitudes especiales).<br>\u00bfC\u00f3mo utilizamos su informaci\u00f3n?<\/p>\n<p>Utilizamos su informaci\u00f3n personal para los siguientes fines:<\/p>\n<p>Procesar su reserva y garantizar su estad\u00eda en nuestro hotel.<br>Brindarle informaci\u00f3n relevante sobre su reserva y servicios.<br>Mejorar nuestros servicios y personalizar su experiencia.<br>Enviarle comunicaciones de marketing (si ha dado su consentimiento).<br>\u00bfC\u00f3mo protegemos su informaci\u00f3n?<\/p>\n<p>Implementamos medidas de seguridad f\u00edsicas, t\u00e9cnicas y administrativas para proteger su informaci\u00f3n personal contra accesos no autorizados, uso indebido o divulgaci\u00f3n.<\/p>\n<p>\u00bfCon qui\u00e9n compartimos su informaci\u00f3n?<\/p>\n<p>Podemos compartir su informaci\u00f3n personal con terceros proveedores de servicios que nos ayudan a operar nuestro sitio web, procesar reservas y mejorar nuestros servicios, asegur\u00e1ndonos de que estos terceros cumplan con las leyes de protecci\u00f3n de datos.<\/p>\n<p>Sus derechos<\/p>\n<p>Usted tiene derecho a acceder, rectificar y cancelar sus datos personales, as\u00ed como a oponerse al tratamiento de los mismos o revocar el consentimiento que nos haya otorgado para su tratamiento. Para ejercer estos derechos, favor de contactarnos a trav\u00e9s de los siguientes medios:<\/p>\n<p>Departamento de Protecci\u00f3n de Datos Personales<br><span style=\"color: var( --e-global-color-text ); font-family: var( --e-global-typography-text-font-family ), Sans-serif; font-weight: var( --e-global-typography-text-font-weight ); text-align: var(--text-align); font-size: 1rem;\">Tel\u00e9fono: 322 226 7979<\/span><\/p><p>Correo electr\u00f3nico: hotel@civallarta.com<br>Cualquier modificaci\u00f3n a este Aviso de Privacidad ser\u00e1 publicada en nuestro sitio web junto con la fecha efectiva de dichos cambios.<\/p>\n<\/div>\t\t\t\t\t\t\t\t<\/div>\n\t\t\t\t<\/div>\n\t\t\t\t\t<\/div>\n\t\t\t\t<\/div>\n\t\t\t\t<\/div>","protected":false},"excerpt":{"rendered":"<p>Con fundamento en los art\u00edculos 15 y 16 de la Ley Federal de Protecci\u00f3n de Datos Personales en Posesi\u00f3n de Particulares, Comfort Inn Vallarta, operado por Vallarta INN SA DE CV, con domicilio en&nbsp; Blvd. Francisco Medina Ascencio 3965, Marina Vallarta 48450 Puerto Vallarta Jal., es responsable de recabar sus datos personales, del uso que [&hellip;]<\/p>\n","protected":false},"author":1,"featured_media":0,"parent":0,"menu_order":0,"comment_status":"closed","ping_status":"open","template":"","meta":{"footnotes":""},"class_list":["post-3","page","type-page","status-publish","hentry"],"aioseo_notices":[],"yoast_head":"<!-- This site is optimized with the Yoast SEO plugin v27.2 - https:\/\/yoast.com\/product\/yoast-seo-wordpress\/ -->\n<title>Privacy Policy - Comfort Inn Puerto Vallarta<\/title>\n<meta name=\"robots\" content=\"index, follow, max-snippet:-1, max-image-preview:large, max-video-preview:-1\" \/>\n<link rel=\"canonical\" href=\"https:\/\/civallarta.com\/en\/privacy-policy\/\" \/>\n<meta property=\"og:locale\" content=\"en_US\" \/>\n<meta property=\"og:type\" content=\"article\" \/>\n<meta property=\"og:title\" content=\"Privacy Policy - Comfort Inn Puerto Vallarta\" \/>\n<meta property=\"og:description\" content=\"Con fundamento en los art\u00edculos 15 y 16 de la Ley Federal de Protecci\u00f3n de Datos Personales en Posesi\u00f3n de Particulares, Comfort Inn Vallarta, operado por Vallarta INN SA DE CV, con domicilio en&nbsp; Blvd. Francisco Medina Ascencio 3965, Marina Vallarta 48450 Puerto Vallarta Jal., es responsable de recabar sus datos personales, del uso que [&hellip;]\" \/>\n<meta property=\"og:url\" content=\"https:\/\/civallarta.com\/en\/privacy-policy\/\" \/>\n<meta property=\"og:site_name\" content=\"Comfort Inn Puerto Vallarta\" \/>\n<meta property=\"article:modified_time\" content=\"2024-07-23T02:23:07+00:00\" \/>\n<meta name=\"twitter:card\" content=\"summary_large_image\" \/>\n<meta name=\"twitter:label1\" content=\"Est. reading time\" \/>\n\t<meta name=\"twitter:data1\" content=\"2 minutes\" \/>\n<script type=\"application\/ld+json\" class=\"yoast-schema-graph\">{\"@context\":\"https:\/\/schema.org\",\"@graph\":[{\"@type\":\"WebPage\",\"@id\":\"https:\/\/civallarta.com\/en\/privacy-policy\/\",\"url\":\"https:\/\/civallarta.com\/en\/privacy-policy\/\",\"name\":\"Privacy Policy - Comfort Inn Puerto Vallarta\",\"isPartOf\":{\"@id\":\"https:\/\/civallarta.com\/#website\"},\"datePublished\":\"2024-06-17T02:24:26+00:00\",\"dateModified\":\"2024-07-23T02:23:07+00:00\",\"breadcrumb\":{\"@id\":\"https:\/\/civallarta.com\/en\/privacy-policy\/#breadcrumb\"},\"inLanguage\":\"en-US\",\"potentialAction\":[{\"@type\":\"ReadAction\",\"target\":[\"https:\/\/civallarta.com\/en\/privacy-policy\/\"]}]},{\"@type\":\"BreadcrumbList\",\"@id\":\"https:\/\/civallarta.com\/en\/privacy-policy\/#breadcrumb\",\"itemListElement\":[{\"@type\":\"ListItem\",\"position\":1,\"name\":\"Inicio\",\"item\":\"https:\/\/civallarta.com\/\"},{\"@type\":\"ListItem\",\"position\":2,\"name\":\"Privacy Policy\"}]},{\"@type\":\"WebSite\",\"@id\":\"https:\/\/civallarta.com\/#website\",\"url\":\"https:\/\/civallarta.com\/\",\"name\":\"Comfort Inn Puerto Vallarta\",\"description\":\"\",\"publisher\":{\"@id\":\"https:\/\/civallarta.com\/#organization\"},\"potentialAction\":[{\"@type\":\"SearchAction\",\"target\":{\"@type\":\"EntryPoint\",\"urlTemplate\":\"https:\/\/civallarta.com\/?s={search_term_string}\"},\"query-input\":{\"@type\":\"PropertyValueSpecification\",\"valueRequired\":true,\"valueName\":\"search_term_string\"}}],\"inLanguage\":\"en-US\"},{\"@type\":\"Organization\",\"@id\":\"https:\/\/civallarta.com\/#organization\",\"name\":\"Comfort Inn Puerto Vallarta\",\"url\":\"https:\/\/civallarta.com\/\",\"logo\":{\"@type\":\"ImageObject\",\"inLanguage\":\"en-US\",\"@id\":\"https:\/\/civallarta.com\/#\/schema\/logo\/image\/\",\"url\":\"https:\/\/civallarta.com\/wp-content\/uploads\/2024\/06\/comfort-template-gold-logo-svg-desktop.svg\",\"contentUrl\":\"https:\/\/civallarta.com\/wp-content\/uploads\/2024\/06\/comfort-template-gold-logo-svg-desktop.svg\",\"width\":87,\"height\":98,\"caption\":\"Comfort Inn Puerto Vallarta\"},\"image\":{\"@id\":\"https:\/\/civallarta.com\/#\/schema\/logo\/image\/\"}}]}<\/script>\n<!-- \/ Yoast SEO plugin. -->","yoast_head_json":{"title":"Privacy Policy - Comfort Inn Puerto Vallarta","robots":{"index":"index","follow":"follow","max-snippet":"max-snippet:-1","max-image-preview":"max-image-preview:large","max-video-preview":"max-video-preview:-1"},"canonical":"https:\/\/civallarta.com\/en\/privacy-policy\/","og_locale":"en_US","og_type":"article","og_title":"Privacy Policy - Comfort Inn Puerto Vallarta","og_description":"Con fundamento en los art\u00edculos 15 y 16 de la Ley Federal de Protecci\u00f3n de Datos Personales en Posesi\u00f3n de Particulares, Comfort Inn Vallarta, operado por Vallarta INN SA DE CV, con domicilio en&nbsp; Blvd. Francisco Medina Ascencio 3965, Marina Vallarta 48450 Puerto Vallarta Jal., es responsable de recabar sus datos personales, del uso que [&hellip;]","og_url":"https:\/\/civallarta.com\/en\/privacy-policy\/","og_site_name":"Comfort Inn Puerto Vallarta","article_modified_time":"2024-07-23T02:23:07+00:00","twitter_card":"summary_large_image","twitter_misc":{"Est. reading time":"2 minutes"},"schema":{"@context":"https:\/\/schema.org","@graph":[{"@type":"WebPage","@id":"https:\/\/civallarta.com\/en\/privacy-policy\/","url":"https:\/\/civallarta.com\/en\/privacy-policy\/","name":"Privacy Policy - Comfort Inn Puerto Vallarta","isPartOf":{"@id":"https:\/\/civallarta.com\/#website"},"datePublished":"2024-06-17T02:24:26+00:00","dateModified":"2024-07-23T02:23:07+00:00","breadcrumb":{"@id":"https:\/\/civallarta.com\/en\/privacy-policy\/#breadcrumb"},"inLanguage":"en-US","potentialAction":[{"@type":"ReadAction","target":["https:\/\/civallarta.com\/en\/privacy-policy\/"]}]},{"@type":"BreadcrumbList","@id":"https:\/\/civallarta.com\/en\/privacy-policy\/#breadcrumb","itemListElement":[{"@type":"ListItem","position":1,"name":"Inicio","item":"https:\/\/civallarta.com\/"},{"@type":"ListItem","position":2,"name":"Privacy Policy"}]},{"@type":"WebSite","@id":"https:\/\/civallarta.com\/#website","url":"https:\/\/civallarta.com\/","name":"Comfort Inn Puerto Vallarta","description":"","publisher":{"@id":"https:\/\/civallarta.com\/#organization"},"potentialAction":[{"@type":"SearchAction","target":{"@type":"EntryPoint","urlTemplate":"https:\/\/civallarta.com\/?s={search_term_string}"},"query-input":{"@type":"PropertyValueSpecification","valueRequired":true,"valueName":"search_term_string"}}],"inLanguage":"en-US"},{"@type":"Organization","@id":"https:\/\/civallarta.com\/#organization","name":"Comfort Inn Puerto Vallarta","url":"https:\/\/civallarta.com\/","logo":{"@type":"ImageObject","inLanguage":"en-US","@id":"https:\/\/civallarta.com\/#\/schema\/logo\/image\/","url":"https:\/\/civallarta.com\/wp-content\/uploads\/2024\/06\/comfort-template-gold-logo-svg-desktop.svg","contentUrl":"https:\/\/civallarta.com\/wp-content\/uploads\/2024\/06\/comfort-template-gold-logo-svg-desktop.svg","width":87,"height":98,"caption":"Comfort Inn Puerto Vallarta"},"image":{"@id":"https:\/\/civallarta.com\/#\/schema\/logo\/image\/"}}]}},"_links":{"self":[{"href":"https:\/\/civallarta.com\/en\/wp-json\/wp\/v2\/pages\/3","targetHints":{"allow":["GET"]}}],"collection":[{"href":"https:\/\/civallarta.com\/en\/wp-json\/wp\/v2\/pages"}],"about":[{"href":"https:\/\/civallarta.com\/en\/wp-json\/wp\/v2\/types\/page"}],"author":[{"embeddable":true,"href":"https:\/\/civallarta.com\/en\/wp-json\/wp\/v2\/users\/1"}],"replies":[{"embeddable":true,"href":"https:\/\/civallarta.com\/en\/wp-json\/wp\/v2\/comments?post=3"}],"version-history":[{"count":3,"href":"https:\/\/civallarta.com\/en\/wp-json\/wp\/v2\/pages\/3\/revisions"}],"predecessor-version":[{"id":2017,"href":"https:\/\/civallarta.com\/en\/wp-json\/wp\/v2\/pages\/3\/revisions\/2017"}],"wp:attachment":[{"href":"https:\/\/civallarta.com\/en\/wp-json\/wp\/v2\/media?parent=3"}],"curies":[{"name":"wp","href":"https:\/\/api.w.org\/{rel}","templated":true}]}}